{"id":45818,"date":"2021-10-19T15:55:16","date_gmt":"2021-10-19T13:55:16","guid":{"rendered":"https:\/\/www.vertal.fr\/devenir-distributeur-vertal\/"},"modified":"2026-01-26T16:17:50","modified_gmt":"2026-01-26T14:17:50","slug":"become-a-vertal-distributor","status":"publish","type":"page","link":"https:\/\/www.vertal.fr\/en\/become-a-vertal-distributor\/","title":{"rendered":"Become a VERTAL Distributor"},"content":{"rendered":"\r\n<p>We support our international partners with practical, proven expertise tailored to each local market:<\/p>\r\n<ul data-start=\"207\" data-end=\"691\">\r\n<li data-start=\"207\" data-end=\"350\"><strong data-start=\"209\" data-end=\"244\">Personalized technical guidance : <\/strong>Local support to adapt VERTAL biosolutions to the agronomic and regulatory conditions of your region.<\/li>\r\n<\/ul>\r\n<ul data-start=\"207\" data-end=\"691\">\r\n<li data-start=\"352\" data-end=\"505\"><strong data-start=\"354\" data-end=\"401\">Marketing tools tailored to your market : <\/strong>Product sheets, brochures, packaging and sales arguments-translated or customized for your clients.<\/li>\r\n<\/ul>\r\n<ul data-start=\"207\" data-end=\"691\">\r\n<li data-start=\"507\" data-end=\"691\"><strong data-start=\"509\" data-end=\"559\">Regular collaboration with our Market Managers\u00a0 : <\/strong>Technical exchanges, trial setups with adapted protocols, innovation sharing and feedback to enrich your biosolutions offering.<\/li>\r\n<\/ul>\r\n<p>Whether you are a distributor, importer, or an agri-business professional looking to enrich your offer with innovative biosolutions, we take the time to understand your market and adapt our biosolutions to fit your goals.<\/p>\r\n<p><strong>Contact us to explore how we can grow together.<\/strong><\/p>\r\n<p><strong><script type=\"text\/javascript\">\n\/* <![CDATA[ *\/\nvar gform;gform||(document.addEventListener(\"gform_main_scripts_loaded\",function(){gform.scriptsLoaded=!0}),document.addEventListener(\"gform\/theme\/scripts_loaded\",function(){gform.themeScriptsLoaded=!0}),window.addEventListener(\"DOMContentLoaded\",function(){gform.domLoaded=!0}),gform={domLoaded:!1,scriptsLoaded:!1,themeScriptsLoaded:!1,isFormEditor:()=>\"function\"==typeof InitializeEditor,callIfLoaded:function(o){return!(!gform.domLoaded||!gform.scriptsLoaded||!gform.themeScriptsLoaded&&!gform.isFormEditor()||(gform.isFormEditor()&&console.warn(\"The use of gform.initializeOnLoaded() is deprecated in the form editor context and will be removed in Gravity Forms 3.1.\"),o(),0))},initializeOnLoaded:function(o){gform.callIfLoaded(o)||(document.addEventListener(\"gform_main_scripts_loaded\",()=>{gform.scriptsLoaded=!0,gform.callIfLoaded(o)}),document.addEventListener(\"gform\/theme\/scripts_loaded\",()=>{gform.themeScriptsLoaded=!0,gform.callIfLoaded(o)}),window.addEventListener(\"DOMContentLoaded\",()=>{gform.domLoaded=!0,gform.callIfLoaded(o)}))},hooks:{action:{},filter:{}},addAction:function(o,r,e,t){gform.addHook(\"action\",o,r,e,t)},addFilter:function(o,r,e,t){gform.addHook(\"filter\",o,r,e,t)},doAction:function(o){gform.doHook(\"action\",o,arguments)},applyFilters:function(o){return gform.doHook(\"filter\",o,arguments)},removeAction:function(o,r){gform.removeHook(\"action\",o,r)},removeFilter:function(o,r,e){gform.removeHook(\"filter\",o,r,e)},addHook:function(o,r,e,t,n){null==gform.hooks[o][r]&&(gform.hooks[o][r]=[]);var d=gform.hooks[o][r];null==n&&(n=r+\"_\"+d.length),gform.hooks[o][r].push({tag:n,callable:e,priority:t=null==t?10:t})},doHook:function(r,o,e){var t;if(e=Array.prototype.slice.call(e,1),null!=gform.hooks[r][o]&&((o=gform.hooks[r][o]).sort(function(o,r){return o.priority-r.priority}),o.forEach(function(o){\"function\"!=typeof(t=o.callable)&&(t=window[t]),\"action\"==r?t.apply(null,e):e[0]=t.apply(null,e)})),\"filter\"==r)return e[0]},removeHook:function(o,r,t,n){var e;null!=gform.hooks[o][r]&&(e=(e=gform.hooks[o][r]).filter(function(o,r,e){return!!(null!=n&&n!=o.tag||null!=t&&t!=o.priority)}),gform.hooks[o][r]=e)}});\n\/* ]]> *\/\n<\/script>\n\n                <div class='gf_browser_gecko gform_wrapper gravity-theme gform-theme--no-framework' data-form-theme='gravity-theme' data-form-index='0' id='gform_wrapper_7' >\n                        <div class='gform_heading'>\n                            <h2 class=\"gform_title\">Become a VERTAL Biosolutions Distributor<\/h2>\n                            <p class='gform_description'><\/p>\n\t\t\t\t\t\t\t<p class='gform_required_legend'>&quot;<span class=\"gfield_required gfield_required_asterisk\">*<\/span>&quot; indicates required fields<\/p>\n                        <\/div><form method='post' enctype='multipart\/form-data'  id='gform_7'  action='\/en\/wp-json\/wp\/v2\/pages\/45818' data-formid='7' novalidate>\n                        <div class='gform-body gform_body'><div id='gform_fields_7' class='gform_fields top_label form_sublabel_below description_below validation_below'><div id=\"field_7_1\" class=\"gfield gfield--type-text gfield--width-half gfield_contains_required field_sublabel_below gfield--no-description field_description_below field_validation_below gfield_visibility_visible\"  ><label class='gfield_label gform-field-label' for='input_7_1'>First name<span class=\"gfield_required\"><span class=\"gfield_required gfield_required_asterisk\">*<\/span><\/span><\/label><div class='ginput_container ginput_container_text'><input name='input_1' id='input_7_1' type='text' value='' class='large'     aria-required=\"true\" aria-invalid=\"false\"   \/><\/div><\/div><div id=\"field_7_2\" class=\"gfield gfield--type-text gfield--width-half gf_left_half gfield--width-half gfield_contains_required field_sublabel_below gfield--no-description field_description_below field_validation_below gfield_visibility_visible\"  ><label class='gfield_label gform-field-label' for='input_7_2'>Last name<span class=\"gfield_required\"><span class=\"gfield_required gfield_required_asterisk\">*<\/span><\/span><\/label><div class='ginput_container ginput_container_text'><input name='input_2' id='input_7_2' type='text' value='' class='large'     aria-required=\"true\" aria-invalid=\"false\"   \/><\/div><\/div><div id=\"field_7_4\" class=\"gfield gfield--type-text gfield--width-half gfield_contains_required field_sublabel_below gfield--no-description field_description_below field_validation_below gfield_visibility_visible\"  ><label class='gfield_label gform-field-label' for='input_7_4'>Code postal<span class=\"gfield_required\"><span class=\"gfield_required gfield_required_asterisk\">*<\/span><\/span><\/label><div class='ginput_container ginput_container_text'><input name='input_4' id='input_7_4' type='text' value='' class='large'     aria-required=\"true\" aria-invalid=\"false\"   \/><\/div><\/div><div id=\"field_7_5\" class=\"gfield gfield--type-select gfield--width-half gfield_contains_required field_sublabel_below gfield--no-description field_description_below field_validation_below gfield_visibility_visible\"  ><label class='gfield_label gform-field-label' for='input_7_5'>My profile<span class=\"gfield_required\"><span class=\"gfield_required gfield_required_asterisk\">*<\/span><\/span><\/label><div class='ginput_container ginput_container_select'><select name='input_5' id='input_7_5' class='large gfield_select'    aria-required=\"true\" aria-invalid=\"false\" ><option value='' ><\/option><option value='Trading' >Trading<\/option><option value='Agricultural cooperative' >Agricultural cooperative<\/option><option value='Other' >Other<\/option><\/select><\/div><\/div><div id=\"field_7_7\" class=\"gfield gfield--type-email gfield--width-half gfield_contains_required field_sublabel_below gfield--no-description field_description_below field_validation_below gfield_visibility_visible\"  ><label class='gfield_label gform-field-label' for='input_7_7'>E-mail:<span class=\"gfield_required\"><span class=\"gfield_required gfield_required_asterisk\">*<\/span><\/span><\/label><div class='ginput_container ginput_container_email'>\n                            <input name='input_7' id='input_7_7' type='email' value='' class='large'    aria-required=\"true\" aria-invalid=\"false\"  \/>\n                        <\/div><\/div><div id=\"field_7_9\" class=\"gfield gfield--type-phone gfield--width-half gfield_contains_required field_sublabel_below gfield--no-description field_description_below field_validation_below gfield_visibility_visible\"  ><label class='gfield_label gform-field-label' for='input_7_9'>Phone:<span class=\"gfield_required\"><span class=\"gfield_required gfield_required_asterisk\">*<\/span><\/span><\/label><div class='ginput_container ginput_container_phone'><input name='input_9' id='input_7_9' type='tel' value='' class='large'   aria-required=\"true\" aria-invalid=\"false\"   \/><\/div><\/div><div id=\"field_7_12\" class=\"gfield gfield--type-select gfield--width-full gfield_contains_required field_sublabel_below gfield--no-description field_description_below field_validation_below gfield_visibility_visible\"  ><label class='gfield_label gform-field-label' for='input_7_12'>Distribution expertise<span class=\"gfield_required\"><span class=\"gfield_required gfield_required_asterisk\">*<\/span><\/span><\/label><div class='ginput_container ginput_container_select'><select name='input_12' id='input_7_12' class='large gfield_select'    aria-required=\"true\" aria-invalid=\"false\" ><option value='' ><\/option><option value='Crop production' >Crop production<\/option><option value='Livestock production' >Livestock production<\/option><option value='Les deux' >The two<\/option><option value='Other' >Other<\/option><\/select><\/div><\/div><div id=\"field_7_15\" class=\"gfield gfield--type-text gfield--width-full gfield_contains_required field_sublabel_below gfield--no-description field_description_below field_validation_below gfield_visibility_visible\"  ><label class='gfield_label gform-field-label' for='input_7_15'>Indicate your profession<span class=\"gfield_required\"><span class=\"gfield_required gfield_required_asterisk\">*<\/span><\/span><\/label><div class='ginput_container ginput_container_text'><input name='input_15' id='input_7_15' type='text' value='' class='large'     aria-required=\"true\" aria-invalid=\"false\"   \/><\/div><\/div><div id=\"field_7_10\" class=\"gfield gfield--type-textarea gfield--width-full field_sublabel_below gfield--no-description field_description_below field_validation_below gfield_visibility_visible\"  ><label class='gfield_label gform-field-label' for='input_7_10'>Message:<\/label><div class='ginput_container ginput_container_textarea'><textarea name='input_10' id='input_7_10' class='textarea small'      aria-invalid=\"false\"   rows='10' cols='50'><\/textarea><\/div><\/div><fieldset id=\"field_7_8\" class=\"gfield gfield--type-consent gfield--type-choice gfield--input-type-consent gfield--width-full rgpd gfield_contains_required field_sublabel_below gfield--has-description field_description_below field_validation_below gfield_visibility_visible\"  ><legend class='gfield_label gform-field-label gfield_label_before_complex' >GDPR<span class=\"gfield_required\"><span class=\"gfield_required gfield_required_asterisk\">*<\/span><\/span><\/legend><div class='ginput_container ginput_container_consent'><input name='input_8.1' id='input_7_8_1' type='checkbox' value='1'  aria-describedby=\"gfield_consent_description_7_8\" aria-required=\"true\" aria-invalid=\"false\"   \/> <label class=\"gform-field-label gform-field-label--type-inline gfield_consent_label\" for='input_7_8_1' >I accept the privacy policy.<\/label><input type='hidden' name='input_8.2' value='I accept the privacy policy.' class='gform_hidden' \/><input type='hidden' name='input_8.3' value='15' class='gform_hidden' \/><\/div><div class='gfield_description gfield_consent_description' id='gfield_consent_description_7_8' tabindex='0'><small><br \/>\n* By submitting this form, I agree that the information entered may be used to contact me. Under no circumstances will my personal data be sold to third parties. I can unsubscribe at any time. Read our <a href=\"http:\/\/www.vertal.fr\/donnees-personnelles\/\" target=\"_blank\">personal data policy<\/a>.<br \/>\n<\/small><br \/>\n<\/div><\/fieldset><div id=\"field_7_11\" class=\"gfield gfield--type-captcha gfield--width-full field_sublabel_below gfield--no-description field_description_below hidden_label field_validation_below gfield_visibility_visible\"  ><label class='gfield_label gform-field-label' for='input_7_11'>CAPTCHA<\/label><div id='input_7_11' class='ginput_container ginput_recaptcha' data-sitekey='6LfaVQwdAAAAADCp6Ezq_t1MZlFq9acE0Qw7iEBl'  data-theme='light' data-tabindex='-1' data-size='invisible' data-badge='bottomright'><\/div><\/div><\/div><\/div>\n        <div class='gform-footer gform_footer top_label'> <input type='submit' id='gform_submit_button_7' class='gform_button button' onclick='gform.submission.handleButtonClick(this);' data-submission-type='submit' value='Send my message'  \/> \n            <input type='hidden' class='gform_hidden' name='gform_submission_method' data-js='gform_submission_method_7' value='postback' \/>\n            <input type='hidden' class='gform_hidden' name='gform_theme' data-js='gform_theme_7' id='gform_theme_7' value='gravity-theme' \/>\n            <input type='hidden' class='gform_hidden' name='gform_style_settings' data-js='gform_style_settings_7' id='gform_style_settings_7' value='[]' \/>\n            <input type='hidden' class='gform_hidden' name='is_submit_7' value='1' \/>\n            <input type='hidden' class='gform_hidden' name='gform_submit' value='7' \/>\n            \n            <input type='hidden' class='gform_hidden' name='gform_currency' data-currency='EUR' value='Cegv3JYfGqerAVhl57rOeRpZKl6Acee+IsMxL+1RUc3RP0DowKxuq9Z\/WxkK5HgWV9kdvgm30lYu+\/YCyxPdzXD4wnEdQrkKwvV\/Tv798bHyaVo=' \/>\n            <input type='hidden' class='gform_hidden' name='gform_unique_id' value='' \/>\n            <input type='hidden' class='gform_hidden' name='state_7' value='WyJ7XCI4LjFcIjpcImI2NDdhYWM1YTQ5NjliYzhmNzk5Njc2ZTFjYWZhOTQ4XCIsXCI4LjJcIjpcIjg4YTY4OGQwYjRkNmRhNmRlZTg5M2RjYzVlZWU2YjBmXCIsXCI4LjNcIjpcIjdkY2ZiYmNiNjYxNDMzNzFiYTE2MDY2OGZjZGIzZWVkXCJ9IiwiYmVlZWU3ZTc5MGM3YzY0MmM1Zjk1NzMxOTJkY2E1MjkiXQ==' \/>\n            <input type='hidden' autocomplete='off' class='gform_hidden' name='gform_target_page_number_7' id='gform_target_page_number_7' value='0' \/>\n            <input type='hidden' autocomplete='off' class='gform_hidden' name='gform_source_page_number_7' id='gform_source_page_number_7' value='1' \/>\n            <input type='hidden' name='gform_field_values' value='' \/>\n            \n        <\/div>\n                        <\/form>\n                        <\/div><script type=\"text\/javascript\">\n\/* <![CDATA[ *\/\n gform.initializeOnLoaded( function() {gformInitSpinner( 7, 'https:\/\/www.vertal.fr\/wp-content\/plugins\/gravityforms\/images\/spinner.svg', true );jQuery('#gform_ajax_frame_7').on('load',function(){var contents = jQuery(this).contents().find('*').html();var is_postback = contents.indexOf('GF_AJAX_POSTBACK') >= 0;if(!is_postback){return;}var form_content = jQuery(this).contents().find('#gform_wrapper_7');var is_confirmation = jQuery(this).contents().find('#gform_confirmation_wrapper_7').length > 0;var is_redirect = contents.indexOf('gformRedirect(){') >= 0;var is_form = form_content.length > 0 && ! is_redirect && ! is_confirmation;var mt = parseInt(jQuery('html').css('margin-top'), 10) + parseInt(jQuery('body').css('margin-top'), 10) + 100;if(is_form){jQuery('#gform_wrapper_7').html(form_content.html());if(form_content.hasClass('gform_validation_error')){jQuery('#gform_wrapper_7').addClass('gform_validation_error');} else {jQuery('#gform_wrapper_7').removeClass('gform_validation_error');}setTimeout( function() { \/* delay the scroll by 50 milliseconds to fix a bug in chrome *\/  }, 50 );if(window['gformInitDatepicker']) {gformInitDatepicker();}if(window['gformInitPriceFields']) {gformInitPriceFields();}var current_page = jQuery('#gform_source_page_number_7').val();gformInitSpinner( 7, 'https:\/\/www.vertal.fr\/wp-content\/plugins\/gravityforms\/images\/spinner.svg', true );jQuery(document).trigger('gform_page_loaded', [7, current_page]);window['gf_submitting_7'] = false;}else if(!is_redirect){var confirmation_content = jQuery(this).contents().find('.GF_AJAX_POSTBACK').html();if(!confirmation_content){confirmation_content = contents;}jQuery('#gform_wrapper_7').replaceWith(confirmation_content);jQuery(document).trigger('gform_confirmation_loaded', [7]);window['gf_submitting_7'] = false;wp.a11y.speak(jQuery('#gform_confirmation_message_7').text());}else{jQuery('#gform_7').append(contents);if(window['gformRedirect']) {gformRedirect();}}jQuery(document).trigger(\"gform_pre_post_render\", [{ formId: \"7\", currentPage: \"current_page\", abort: function() { this.preventDefault(); } }]);        if (event && event.defaultPrevented) {                return;        }        const gformWrapperDiv = document.getElementById( \"gform_wrapper_7\" );        if ( gformWrapperDiv ) {            const visibilitySpan = document.createElement( \"span\" );            visibilitySpan.id = \"gform_visibility_test_7\";            gformWrapperDiv.insertAdjacentElement( \"afterend\", visibilitySpan );        }        const visibilityTestDiv = document.getElementById( \"gform_visibility_test_7\" );        let postRenderFired = false;        function triggerPostRender() {            if ( postRenderFired ) {                return;            }            postRenderFired = true;            gform.core.triggerPostRenderEvents( 7, current_page );            if ( visibilityTestDiv ) {                visibilityTestDiv.parentNode.removeChild( visibilityTestDiv );            }        }        function debounce( func, wait, immediate ) {            var timeout;            return function() {                var context = this, args = arguments;                var later = function() {                    timeout = null;                    if ( !immediate ) func.apply( context, args );                };                var callNow = immediate && !timeout;                clearTimeout( timeout );                timeout = setTimeout( later, wait );                if ( callNow ) func.apply( context, args );            };        }        const debouncedTriggerPostRender = debounce( function() {            triggerPostRender();        }, 200 );        if ( visibilityTestDiv && visibilityTestDiv.offsetParent === null ) {            const observer = new MutationObserver( ( mutations ) => {                mutations.forEach( ( mutation ) => {                    if ( mutation.type === 'attributes' && visibilityTestDiv.offsetParent !== null ) {                        debouncedTriggerPostRender();                        observer.disconnect();                    }                });            });            observer.observe( document.body, {                attributes: true,                childList: false,                subtree: true,                attributeFilter: [ 'style', 'class' ],            });        } else {            triggerPostRender();        }    } );} ); \n\/* ]]> *\/\n<\/script>\n<\/strong><\/p>\r\n<figure><img loading=\"lazy\" decoding=\"async\" title=\"visuel-formulaire-devenir-distrib (625 \u00d7 2000 px)\" src=\"https:\/\/www.vertal.fr\/wp-content\/uploads\/2023\/06\/visuel-formulaire-devenir-distrib-625-\u00d7-2000-px-320x1024.png\" alt=\"\u00e9pi de bl\u00e9 couch\u00e9 de soleil\" width=\"320\" height=\"1024\" \/><\/figure>\r\n","protected":false},"excerpt":{"rendered":"<p>We support our international partners with practical, proven expertise tailored to each local market: Personalized technical guidance : Local support to adapt VERTAL biosolutions to the agronomic and regulatory conditions of your region. Marketing tools tailored to your market : Product sheets, brochures, packaging and sales arguments-translated or customized for your clients. Regular collaboration with [&hellip;]<\/p>\n","protected":false},"author":1,"featured_media":0,"parent":0,"menu_order":0,"comment_status":"closed","ping_status":"closed","template":"","meta":{"_acf_changed":false,"footnotes":""},"class_list":["post-45818","page","type-page","status-publish","hentry"],"acf":[],"yoast_head":"<!-- This site is optimized with the Yoast SEO plugin v27.5 - https:\/\/yoast.com\/product\/yoast-seo-wordpress\/ -->\n<title>Become a VERTAL Distributor<\/title>\n<meta name=\"description\" content=\"Join the VERTAL adventure and combine economic performance, technical success for your sales teams and customer satisfaction.\" \/>\n<meta name=\"robots\" content=\"index, follow, max-snippet:-1, max-image-preview:large, max-video-preview:-1\" \/>\n<link rel=\"canonical\" href=\"https:\/\/www.vertal.fr\/en\/become-a-vertal-distributor\/\" \/>\n<meta property=\"og:locale\" content=\"en_US\" \/>\n<meta property=\"og:type\" content=\"article\" \/>\n<meta property=\"og:title\" content=\"Become a VERTAL Distributor\" \/>\n<meta property=\"og:description\" content=\"Join the VERTAL adventure and combine economic performance, technical success for your sales teams and customer satisfaction.\" \/>\n<meta property=\"og:url\" content=\"https:\/\/www.vertal.fr\/en\/become-a-vertal-distributor\/\" \/>\n<meta property=\"og:site_name\" content=\"VERTAL\" \/>\n<meta property=\"article:modified_time\" content=\"2026-01-26T14:17:50+00:00\" \/>\n<meta name=\"twitter:card\" content=\"summary_large_image\" \/>\n<meta name=\"twitter:label1\" content=\"Est. reading time\" \/>\n\t<meta name=\"twitter:data1\" content=\"2 minutes\" \/>\n<script type=\"application\/ld+json\" class=\"yoast-schema-graph\">{\"@context\":\"https:\\\/\\\/schema.org\",\"@graph\":[{\"@type\":\"WebPage\",\"@id\":\"https:\\\/\\\/www.vertal.fr\\\/en\\\/become-a-vertal-distributor\\\/\",\"url\":\"https:\\\/\\\/www.vertal.fr\\\/en\\\/become-a-vertal-distributor\\\/\",\"name\":\"Become a VERTAL Distributor\",\"isPartOf\":{\"@id\":\"https:\\\/\\\/www.vertal.fr\\\/#website\"},\"datePublished\":\"2021-10-19T13:55:16+00:00\",\"dateModified\":\"2026-01-26T14:17:50+00:00\",\"description\":\"Join the VERTAL adventure and combine economic performance, technical success for your sales teams and customer satisfaction.\",\"breadcrumb\":{\"@id\":\"https:\\\/\\\/www.vertal.fr\\\/en\\\/become-a-vertal-distributor\\\/#breadcrumb\"},\"inLanguage\":\"en-US\",\"potentialAction\":[{\"@type\":\"ReadAction\",\"target\":[\"https:\\\/\\\/www.vertal.fr\\\/en\\\/become-a-vertal-distributor\\\/\"]}]},{\"@type\":\"BreadcrumbList\",\"@id\":\"https:\\\/\\\/www.vertal.fr\\\/en\\\/become-a-vertal-distributor\\\/#breadcrumb\",\"itemListElement\":[{\"@type\":\"ListItem\",\"position\":1,\"name\":\"Home\",\"item\":\"https:\\\/\\\/www.vertal.fr\\\/en\\\/\"},{\"@type\":\"ListItem\",\"position\":2,\"name\":\"Become a VERTAL Distributor\"}]},{\"@type\":\"WebSite\",\"@id\":\"https:\\\/\\\/www.vertal.fr\\\/#website\",\"url\":\"https:\\\/\\\/www.vertal.fr\\\/\",\"name\":\"VERTAL\",\"description\":\"Professional biostimulation\",\"potentialAction\":[{\"@type\":\"SearchAction\",\"target\":{\"@type\":\"EntryPoint\",\"urlTemplate\":\"https:\\\/\\\/www.vertal.fr\\\/?s={search_term_string}\"},\"query-input\":{\"@type\":\"PropertyValueSpecification\",\"valueRequired\":true,\"valueName\":\"search_term_string\"}}],\"inLanguage\":\"en-US\"}]}<\/script>\n<!-- \/ Yoast SEO plugin. -->","yoast_head_json":{"title":"Become a VERTAL Distributor","description":"Join the VERTAL adventure and combine economic performance, technical success for your sales teams and customer satisfaction.","robots":{"index":"index","follow":"follow","max-snippet":"max-snippet:-1","max-image-preview":"max-image-preview:large","max-video-preview":"max-video-preview:-1"},"canonical":"https:\/\/www.vertal.fr\/en\/become-a-vertal-distributor\/","og_locale":"en_US","og_type":"article","og_title":"Become a VERTAL Distributor","og_description":"Join the VERTAL adventure and combine economic performance, technical success for your sales teams and customer satisfaction.","og_url":"https:\/\/www.vertal.fr\/en\/become-a-vertal-distributor\/","og_site_name":"VERTAL","article_modified_time":"2026-01-26T14:17:50+00:00","twitter_card":"summary_large_image","twitter_misc":{"Est. reading time":"2 minutes"},"schema":{"@context":"https:\/\/schema.org","@graph":[{"@type":"WebPage","@id":"https:\/\/www.vertal.fr\/en\/become-a-vertal-distributor\/","url":"https:\/\/www.vertal.fr\/en\/become-a-vertal-distributor\/","name":"Become a VERTAL Distributor","isPartOf":{"@id":"https:\/\/www.vertal.fr\/#website"},"datePublished":"2021-10-19T13:55:16+00:00","dateModified":"2026-01-26T14:17:50+00:00","description":"Join the VERTAL adventure and combine economic performance, technical success for your sales teams and customer satisfaction.","breadcrumb":{"@id":"https:\/\/www.vertal.fr\/en\/become-a-vertal-distributor\/#breadcrumb"},"inLanguage":"en-US","potentialAction":[{"@type":"ReadAction","target":["https:\/\/www.vertal.fr\/en\/become-a-vertal-distributor\/"]}]},{"@type":"BreadcrumbList","@id":"https:\/\/www.vertal.fr\/en\/become-a-vertal-distributor\/#breadcrumb","itemListElement":[{"@type":"ListItem","position":1,"name":"Home","item":"https:\/\/www.vertal.fr\/en\/"},{"@type":"ListItem","position":2,"name":"Become a VERTAL Distributor"}]},{"@type":"WebSite","@id":"https:\/\/www.vertal.fr\/#website","url":"https:\/\/www.vertal.fr\/","name":"VERTAL","description":"Professional biostimulation","potentialAction":[{"@type":"SearchAction","target":{"@type":"EntryPoint","urlTemplate":"https:\/\/www.vertal.fr\/?s={search_term_string}"},"query-input":{"@type":"PropertyValueSpecification","valueRequired":true,"valueName":"search_term_string"}}],"inLanguage":"en-US"}]}},"_links":{"self":[{"href":"https:\/\/www.vertal.fr\/en\/wp-json\/wp\/v2\/pages\/45818","targetHints":{"allow":["GET"]}}],"collection":[{"href":"https:\/\/www.vertal.fr\/en\/wp-json\/wp\/v2\/pages"}],"about":[{"href":"https:\/\/www.vertal.fr\/en\/wp-json\/wp\/v2\/types\/page"}],"author":[{"embeddable":true,"href":"https:\/\/www.vertal.fr\/en\/wp-json\/wp\/v2\/users\/1"}],"replies":[{"embeddable":true,"href":"https:\/\/www.vertal.fr\/en\/wp-json\/wp\/v2\/comments?post=45818"}],"version-history":[{"count":7,"href":"https:\/\/www.vertal.fr\/en\/wp-json\/wp\/v2\/pages\/45818\/revisions"}],"predecessor-version":[{"id":46976,"href":"https:\/\/www.vertal.fr\/en\/wp-json\/wp\/v2\/pages\/45818\/revisions\/46976"}],"wp:attachment":[{"href":"https:\/\/www.vertal.fr\/en\/wp-json\/wp\/v2\/media?parent=45818"}],"curies":[{"name":"wp","href":"https:\/\/api.w.org\/{rel}","templated":true}]}}